{"id":243,"date":"2021-11-22T13:26:31","date_gmt":"2021-11-22T13:26:31","guid":{"rendered":"https:\/\/www.tierarztpraxis-morath.de\/?page_id=243"},"modified":"2021-11-22T14:59:15","modified_gmt":"2021-11-22T14:59:15","slug":"impressum","status":"publish","type":"page","link":"https:\/\/www.tierarztpraxis-morath.de\/index.php\/impressum\/","title":{"rendered":"Impressum"},"content":{"rendered":"\t\t<div data-elementor-type=\"wp-page\" data-elementor-id=\"243\" class=\"elementor elementor-243\">\n\t\t\t\t\t\t\t\t\t<section class=\"elementor-section elementor-top-section elementor-element elementor-element-b304327 elementor-section-boxed elementor-section-height-default elementor-section-height-default\" data-id=\"b304327\" data-element_type=\"section\">\n\t\t\t\t\t\t<div class=\"elementor-container elementor-column-gap-default\">\n\t\t\t\t\t<div class=\"elementor-column elementor-col-100 elementor-top-column elementor-element elementor-element-45e752d\" data-id=\"45e752d\" data-element_type=\"column\">\n\t\t\t<div class=\"elementor-widget-wrap elementor-element-populated\">\n\t\t\t\t\t\t\t\t<div class=\"elementor-element elementor-element-cbb5be5 elementor-widget elementor-widget-text-editor\" data-id=\"cbb5be5\" data-element_type=\"widget\" data-widget_type=\"text-editor.default\">\n\t\t\t\t<div class=\"elementor-widget-container\">\n\t\t\t<style>\/*! elementor - v3.15.0 - 20-08-2023 *\/\n.elementor-widget-text-editor.elementor-drop-cap-view-stacked .elementor-drop-cap{background-color:#69727d;color:#fff}.elementor-widget-text-editor.elementor-drop-cap-view-framed .elementor-drop-cap{color:#69727d;border:3px solid;background-color:transparent}.elementor-widget-text-editor:not(.elementor-drop-cap-view-default) .elementor-drop-cap{margin-top:8px}.elementor-widget-text-editor:not(.elementor-drop-cap-view-default) .elementor-drop-cap-letter{width:1em;height:1em}.elementor-widget-text-editor .elementor-drop-cap{float:left;text-align:center;line-height:1;font-size:50px}.elementor-widget-text-editor .elementor-drop-cap-letter{display:inline-block}<\/style>\t\t\t\t<div class=\"page\" title=\"Page 1\"><div class=\"layoutArea\"><div class=\"column\"><p>Angaben gem\u00e4\u00df \u00a7 5 TMG<\/p><p>Dr. Brigitte Morath Tierarztpraxis Dr. Morath Drakestr. 52<br \/>12 205 Berlin<\/p><p>Kontakt<\/p><p>Telefon: 030 8336055<br \/>Telefax: 030 83409406<br \/>E-Mail: mail@tierarztpraxis-morath.de<\/p><p>Umsatzsteuer-ID<\/p><p>Umsatzsteuer-Identifikationsnimmer gem\u00e4\u00df \u00a7 27 a Umsatzsteuergesetz: DE 336060201<\/p><p>Aufsichtsbeh\u00f6rde<\/p><p>Landestier\u00e4rztekammer Berlin<br \/>Littenstr. 108<br \/>10179 Berlin<br \/>Telefon 0303121875 https:\/\/www.tieraerztekammer-berlin.de<\/p><p>Berufsbezeichnung und berufsrechtliche Regelungen<\/p><p>Berufsbezeichnung: Tier\u00e4rztin<br \/>zust\u00e4ndige Kammer: Tier\u00e4rztekammmer Berlin<br \/>Verliehen durch: Bundesrepublik Deutschland<br \/>Es gelten folgende berufsrechtliche Regelungen: Berufsordnung der Landestier\u00e4rztekammer Berlin<br \/>Regelungen einsehbar unter: https:\/ www.tieraerztekammer-berlin.de\/gesetze- undverordnungen\/kammerecht\/11-berufsordnung.html ( https:\/\/www.tieraerztekammer-berlin.de\/gesetze- undverordnungen\/kammerrecht\/11-berufsordnung.html)<\/p><p>Streitschlichtung<\/p><p>Die Europ\u00e4ische Kommission stellt eine Plattform zur Online-Streitbeilegung (OS) bereit:https:\/\/ec.europa.eu\/consumers\/odr.<br \/>Unsere E-Mail-Adresse finden Sie oben im Impressum.<\/p><\/div><\/div><\/div>\t\t\t\t\t\t<\/div>\n\t\t\t\t<\/div>\n\t\t\t\t\t<\/div>\n\t\t<\/div>\n\t\t\t\t\t\t\t<\/div>\n\t\t<\/section>\n\t\t\t\t\t\t\t<\/div>\n\t\t","protected":false},"excerpt":{"rendered":"<p>Angaben gem\u00e4\u00df \u00a7 5 TMG Dr. Brigitte Morath Tierarztpraxis Dr. Morath Drakestr. 5212 205 Berlin Kontakt Telefon: 030 8336055Telefax: 030 83409406E-Mail: mail@tierarztpraxis-morath.de Umsatzsteuer-ID Umsatzsteuer-Identifikationsnimmer gem\u00e4\u00df \u00a7 27 a Umsatzsteuergesetz: DE 336060201 Aufsichtsbeh\u00f6rde Landestier\u00e4rztekammer BerlinLittenstr. 10810179 BerlinTelefon 0303121875 https:\/\/www.tieraerztekammer-berlin.de Berufsbezeichnung und berufsrechtliche Regelungen Berufsbezeichnung: Tier\u00e4rztinzust\u00e4ndige Kammer: Tier\u00e4rztekammmer BerlinVerliehen durch: Bundesrepublik DeutschlandEs gelten folgende berufsrechtliche Regelungen: Berufsordnung [&hellip;]<\/p>\n","protected":false},"author":1,"featured_media":0,"parent":0,"menu_order":0,"comment_status":"closed","ping_status":"closed","template":"","meta":[],"_links":{"self":[{"href":"https:\/\/www.tierarztpraxis-morath.de\/index.php\/wp-json\/wp\/v2\/pages\/243"}],"collection":[{"href":"https:\/\/www.tierarztpraxis-morath.de\/index.php\/wp-json\/wp\/v2\/pages"}],"about":[{"href":"https:\/\/www.tierarztpraxis-morath.de\/index.php\/wp-json\/wp\/v2\/types\/page"}],"author":[{"embeddable":true,"href":"https:\/\/www.tierarztpraxis-morath.de\/index.php\/wp-json\/wp\/v2\/users\/1"}],"replies":[{"embeddable":true,"href":"https:\/\/www.tierarztpraxis-morath.de\/index.php\/wp-json\/wp\/v2\/comments?post=243"}],"version-history":[{"count":13,"href":"https:\/\/www.tierarztpraxis-morath.de\/index.php\/wp-json\/wp\/v2\/pages\/243\/revisions"}],"predecessor-version":[{"id":256,"href":"https:\/\/www.tierarztpraxis-morath.de\/index.php\/wp-json\/wp\/v2\/pages\/243\/revisions\/256"}],"wp:attachment":[{"href":"https:\/\/www.tierarztpraxis-morath.de\/index.php\/wp-json\/wp\/v2\/media?parent=243"}],"curies":[{"name":"wp","href":"https:\/\/api.w.org\/{rel}","templated":true}]}}